{"id":331,"date":"2020-05-14T16:29:48","date_gmt":"2020-05-14T14:29:48","guid":{"rendered":"https:\/\/www.bluesystems.no\/?page_id=331"},"modified":"2021-11-09T00:34:55","modified_gmt":"2021-11-08T23:34:55","slug":"personvernerklaering","status":"publish","type":"page","link":"https:\/\/www.bluesystems.no\/en\/personvernerklaering\/","title":{"rendered":"Personvernerkl\u00e6ring"},"content":{"rendered":"<div data-elementor-type=\"wp-page\" data-elementor-id=\"331\" class=\"elementor elementor-331\" data-elementor-post-type=\"page\">\n\t\t\t\t\t\t<section class=\"elementor-section elementor-top-section elementor-element elementor-element-feac14b elementor-section-boxed elementor-section-height-default elementor-section-height-default\" data-id=\"feac14b\" data-element_type=\"section\" data-e-type=\"section\">\n\t\t\t\t\t\t<div class=\"elementor-container elementor-column-gap-default\">\n\t\t\t\t\t<div class=\"elementor-column elementor-col-100 elementor-top-column elementor-element elementor-element-022b934\" data-id=\"022b934\" data-element_type=\"column\" data-e-type=\"column\">\n\t\t\t<div class=\"elementor-widget-wrap elementor-element-populated\">\n\t\t\t\t\t\t\t<\/div>\n\t\t<\/div>\n\t\t\t\t\t<\/div>\n\t\t<\/section>\n\t\t\t\t<section class=\"elementor-section elementor-top-section elementor-element elementor-element-8e9d283 elementor-section-boxed elementor-section-height-default elementor-section-height-default\" data-id=\"8e9d283\" data-element_type=\"section\" data-e-type=\"section\">\n\t\t\t\t\t\t<div class=\"elementor-container elementor-column-gap-default\">\n\t\t\t\t\t<div class=\"elementor-column elementor-col-100 elementor-top-column elementor-element elementor-element-6343977\" data-id=\"6343977\" data-element_type=\"column\" data-e-type=\"column\">\n\t\t\t<div class=\"elementor-widget-wrap elementor-element-populated\">\n\t\t\t\t\t\t<div class=\"elementor-element elementor-element-aa20cb1 elementor-widget elementor-widget-text-editor\" data-id=\"aa20cb1\" data-element_type=\"widget\" data-e-type=\"widget\" data-widget_type=\"text-editor.default\">\n\t\t\t\t<div class=\"elementor-widget-container\">\n\t\t\t\t\t\t\t\t\t<p><\/p>\n<h1 style=\"--fontsize: 28; line-height: 1.2;\" data-fontsize=\"28\" data-lineheight=\"33.6px\">Personvernerkl\u00e6ring for Bluesystems AS<\/h1>\n<p><\/p>\n<h2>1. Innledning<\/h2>\n<p>Eier av dette domenet, Bluesystems AS, er behandlingsansvarlig for de personopplysninger som behandles p\u00e5 denne siden. Denne personvernerkl\u00e6ringen forklarer hvorfor vi samler inn informasjon om deg, hvordan vi bruker denne informasjonen og hvordan vi tar hensyn til ditt personvern.<\/p>\n<p>Erkl\u00e6ringen inneholder opplysninger du har krav p\u00e5 n\u00e5r det samles inn opplysninger fra nettstedene v\u00e5re og generell informasjon om hvordan vi behandler personopplysninger.<\/p>\n<p>Bluesystems AS sitt grunnlag for \u00e5 behandle personopplysninger vil variere, men vil i henhold til personopplysningsloven best\u00e5 av samtykke fra den registrerte eller fordi det er lovp\u00e5lagt. Videre kan det v\u00e6re n\u00f8dvendig \u00e5 behandle personopplysninger for \u00e5 oppfylle en avtale med den registrerte eller for \u00e5 oppfylle en rettslig forpliktelse. Samtykke til behandling av personopplysninger kan n\u00e5r som helst trekkes tilbake.<\/p>\n<p><br><\/p>\n<h2>2. Om personopplysninger og regelverket<\/h2>\n<p>Personopplysninger er opplysninger og vurderinger som kan knyttes til en identifiserbar enkeltperson. Dette kan v\u00e6re navn, adresse, telefonnummer, e-postadresse, IP-adresse og adferdshistorikk.<\/p>\n<p>All behandling av personopplysninger, slik som innsamling, registrering, lagring og utlevering er underlagt s\u00e6rskilte regler, blant annet i personopplysningsloven. Det er daglig leder som er ansvarlig for at behandlingen skjer i samsvar med lovens regler. Datatilsynet f\u00f8rer tilsyn med at loven overholdes.<\/p>\n<p><br><\/p>\n<h2>3. Hva slags opplysninger samler vi inn?<\/h2>\n<p>For \u00e5 kunne levere s\u00e5 gode tjenester som mulig er vi avhengige av \u00e5 samle inn ulike typer informasjon, inkludert personopplysninger om deg. Under f\u00f8lger en oversikt over hvordan vi typisk samler inn personopplysningene og hvilke opplysninger dette typisk er. Vi samler ikke inn sensitiv informasjon.<\/p>\n<p><b>a) Opplysninger du selv gir til oss<\/b><br>N\u00e5r du registrerer deg p\u00e5 v\u00e5r nettside, m\u00e5 du oppgi en del informasjon som lagres av oss, slik som navn, e-postadresse og mobilnummer. I enkelte tilfeller beh\u00f8ver vi ogs\u00e5 adresse for \u00e5 n\u00e5 deg per post eller vite mer om hvor du befinner deg. Vi vil ogs\u00e5 lagre opplysninger n\u00e5r du kontakter oss senere. Informasjonen du oppgir kan ogs\u00e5 berikes ved hjelp av oppslagstjenester eller sosiale medier.<\/p>\n<p><b>b) Opplysninger vi f\u00e5r gjennom bruk av tjenestene v\u00e5re<\/b><br>N\u00e5r du bruker v\u00e5re tjenester, registrerer vi informasjon om hvilke tjenester du bruker og hvordan du bruker dem. Vi samler blant annet informasjon om:<\/p>\n<p><b>&nbsp;&nbsp; i) Din enhet og din internett-tilkobling<\/b><br>Vi kan registrere informasjon om enheten du benytter, for eksempel produsent av mobil\/PC, operativsystem og nettleser. Vi kan ogs\u00e5 samle informasjon om tilkoblingen til v\u00e5re tjenester, som IP-adresser, nettverks-id og informasjonskapsler.<\/p>\n<p><b>&nbsp;&nbsp; ii) Bruk av tjeneste eller kj\u00f8p<\/b><br>Vi registrerer informasjon om din bruk av tjenestene, som hvilke sider du er inne p\u00e5, n\u00e5r du er inne p\u00e5 sidene samt hvilke funksjoner du har brukt p\u00e5 sidene.<\/p>\n<p><b>c) Opplysninger vi f\u00e5r fra andre kilder<\/b><br>Vi kan motta opplysninger om deg hvis du bruker noen av de andre tjenestene vi tilbyr p\u00e5 dette nettstedet. Vi samarbeider ogs\u00e5 tett med tredjeparter (f.eks. forretningspartnere, leverand\u00f8rer av tekniske tjenester og s\u00f8kemotorer) og kan motta opplysninger om deg fra disse. Dette inkluderer ogs\u00e5 opplysninger som er offentlig tilgjengelige.<\/p>\n<p><b>d) Informasjonskapsler og annet innhold som lagres lokalt<\/b><br>N\u00e5r du bruker v\u00e5re tjenester eller er inne p\u00e5 v\u00e5re nettsider, lagres informasjonskapsler og annen data som senere kan leses av oss.<\/p>\n<p><b>e) Automatiske vurderinger<\/b><br>Gjennom analyse av din atferd kan det utledes automatisk kategorisering av deg som kunde.<\/p>\n<p><br><\/p>\n<h2>4. Hva brukes opplysningene til?<\/h2>\n<p>Vi bruker personopplysninger til f\u00f8lgende form\u00e5l:<\/p>\n<p><b>a) For \u00e5 levere og gi best mulig opplevelse av tjenestene v\u00e5re<\/b><br>Vi bruker personopplysninger for \u00e5 levere tjenestene v\u00e5re til deg, og \u00e5 sikre en best mulig brukeropplevelse for deg, blant annet ved \u00e5 tilpasse visningen av innholdet til din skjerm\/enhet og \u00e5 s\u00f8rge for raskest mulig lasting av sidene.<\/p>\n<p><b>b) For \u00e5 tilpasse tjenestene, gi deg anbefalinger og relevant markedsf\u00f8ring<\/b><br>Vi \u00f8nsker \u00e5 gi deg anbefalinger, produktinformasjon og tjenestetilpasninger som er mest mulig relevant for deg. Dette vil b\u00e5de bli gitt p\u00e5 bakgrunn av din egen atferd, f.eks. p\u00e5 bakgrunn av hvilke produkter og tjenester du har brukt, annonser du har klikket p\u00e5, eller artikler du har lest, og p\u00e5 bakgrunn av atferden til andre brukere med liknende bruksm\u00f8nster som deg.<\/p>\n<p><b>c) For \u00e5 utarbeide statistikk og forst\u00e5 markedstrender<\/b><br>Vi utarbeider statistikk og kartlegger markedstrender. Dette gj\u00f8r vi for \u00e5 kunne forbedre og videreutvikle produkttilbudene og tjenestene v\u00e5re. S\u00e5 langt det er praktisk mulig fors\u00f8ker vi \u00e5 gj\u00f8re dette med anonyme opplysninger, uten at vi vet at informasjonen er knyttet spesifikt til deg.<\/p>\n<p><b>d) For \u00e5 forhindre misbruk av tjenestene v\u00e5re<\/b><br>Vi bruker personopplysninger for \u00e5 forhindre misbruk av tjenestene v\u00e5re. Misbruk kan v\u00e6re fors\u00f8k p\u00e5 \u00e5 logge p\u00e5 andres kontoer, fors\u00f8k p\u00e5 svindel, \u201cspamming\u201d, hets, sjikane og andre handlinger som er forbudt etter norsk lov.<\/p>\n<p><br><\/p>\n<h2><b>5. Deling av opplysninger<\/b><\/h2>\n<p>Bluesystems AS deler i noen tilfeller personopplysninger med andre selskaper som utf\u00f8rer tjenester p\u00e5 v\u00e5re vegne. Dette er f\u00f8rst og fremst for \u00e5 gi deg en tryggere og bedre brukeropplevelse. Her er de viktigste eksemplene:<\/p>\n<p><b>a) N\u00e5r andre utf\u00f8rer tjenester p\u00e5 v\u00e5re vegne<\/b><br>For eksempel web- og markedsf\u00f8ringsbyr\u00e5er for \u00e5 drifte nettsiden og vise deg m\u00e5lrettet markedsf\u00f8ring samt lage kampanjer. Disse har ikke lov til \u00e5 bruke disse personopplysningene til noe annet enn \u00e5 utf\u00f8re tjenester for Bluesystems AS.<\/p>\n<p><b>b) Ved mistanke om lovbrudd<\/b><br>vil informasjon kunne utleveres til offentlige myndigheter etter begj\u00e6ring. Vi vil ogs\u00e5 kunne utlevere informasjon ved mistanke om svindel, eller informasjon som er n\u00f8dvendig for \u00e5 avklare konkrete tvister.<\/p>\n<h2>6. Sletting av personopplysninger<\/h2>\n<p>Vi er lovp\u00e5lagt til \u00e5 holde p\u00e5 visse personopplysninger. Eksempler p\u00e5 dette er:<\/p>\n<p><b>Lov om bokf\u00f8ring<\/b><br>Du har krav p\u00e5 at alle v\u00e5re opplysninger om deg skal kunne slettes p\u00e5 oppfordring, dersom vi ikke er lovp\u00e5lagt om \u00e5 lagre disse. Du kan henvende deg ang\u00e5ende dette \u00e5 oppheve ditt kundeforhold via e-post, til conrad@bluesystems.no.<\/p>\n<h2>7. Sikring av personopplysninger<\/h2>\n<p>Vi bruker hensiktsmessige sikkerhetstiltak for \u00e5 beskytte personopplysninger som er under v\u00e5r kontroll mot uautorisert tilgang, innhenting, bruk, videreformidling, avsl\u00f8ring, kopiering, modifisering eller avhending.<\/p>\n<h2>8. S\u00e6rlig om markedsf\u00f8ring i e-post og SMS<\/h2>\n<p>Dersom du har et aktivt kundeforhold til oss, kan vi sende deg markedsf\u00f8ring p\u00e5 e-post eller med andre elektroniske kommunikasjonsmetoder i henhold til markedsf\u00f8ringsloven \u00a7 15. Det inkluderer nyhetsbrev og andre henvendelser vedr\u00f8rende innhold, tjenester, tilbud, kampanjer og arrangementer fra oss, via e-post, telefon, SMS og sosiale medier.<\/p>\n<p>Dersom du derimot ikke har et aktivt kundeforhold, vil vi bare sende slik markedsf\u00f8ring hvis du har gitt oss et samtykke til dette. Din persondata kan ogs\u00e5 brukes til \u00e5 tilpasse denne kommunikasjonen. Du kan n\u00e5r som helst enkelt og kostnadsfritt melde deg av markedsf\u00f8ringshenvendelser gjennom avmeldings-funksjonen i e-postene\/SMS-ene, eller ved \u00e5 henvende deg til conrad@bluesystems.no.<\/p>\n<h2>9. Endringer i personvernerkl\u00e6ringen<\/h2>\n<p>Vi vil med jevne mellomrom kunne oppdatere eller endre personvernerkl\u00e6ringen.<\/p>\n<h2>10. Rett til \u00e5 klage<\/h2>\n<p>Du har rett til \u00e5 klage til en tilsynsmyndighet, her Datatilsynet, i henhold til GDPR artikkel 13 (2) bokstav d.<\/p>\n<h2>11. Kontaktinformasjon<\/h2>\n<p>Har du sp\u00f8rsm\u00e5l om v\u00e5r personvernerkl\u00e6ring eller om v\u00e5r bruk av personopplysninger, ta gjerne kontakt med oss p\u00e5 conrad@bluesystems.no<\/p>\n<p><br><\/p>\n<p>Bluesystems AS<br>Kompetansegarden <br>Austb\u00f8vegen 11 <br>5420 Rubbestadneset<\/p>\t\t\t\t\t\t\t\t<\/div>\n\t\t\t\t<\/div>\n\t\t\t\t\t<\/div>\n\t\t<\/div>\n\t\t\t\t\t<\/div>\n\t\t<\/section>\n\t\t\t\t<\/div>","protected":false},"excerpt":{"rendered":"<p>Personvernerkl\u00e6ring for Bluesystems AS 1. Innledning Eier av dette domenet, Bluesystems AS, er behandlingsansvarlig for de personopplysninger som behandles p\u00e5 denne siden. Denne personvernerkl\u00e6ringen forklarer hvorfor vi samler inn informasjon om deg, hvordan vi bruker denne informasjonen og hvordan vi tar hensyn til ditt personvern. Erkl\u00e6ringen inneholder opplysninger du har krav p\u00e5 n\u00e5r det samles [&hellip;]<\/p>\n","protected":false},"author":4,"featured_media":0,"parent":0,"menu_order":0,"comment_status":"closed","ping_status":"closed","template":"","meta":{"content-type":"","footnotes":""},"product":[],"class_list":["post-331","page","type-page","status-publish","hentry"],"yoast_head":"<!-- This site is optimized with the Yoast SEO plugin v27.2 - https:\/\/yoast.com\/product\/yoast-seo-wordpress\/ -->\n<title>Personvernerkl\u00e6ring - bluesystems - vi gj\u00f8r havbruk enklere<\/title>\n<meta name=\"robots\" content=\"index, follow, max-snippet:-1, max-image-preview:large, max-video-preview:-1\" \/>\n<link rel=\"canonical\" href=\"https:\/\/www.bluesystems.no\/en\/personvernerklaering\/\" \/>\n<meta property=\"og:locale\" content=\"en_US\" \/>\n<meta property=\"og:type\" content=\"article\" \/>\n<meta property=\"og:title\" content=\"Personvernerkl\u00e6ring - bluesystems - vi gj\u00f8r havbruk enklere\" \/>\n<meta property=\"og:description\" content=\"Personvernerkl\u00e6ring for Bluesystems AS 1. Innledning Eier av dette domenet, Bluesystems AS, er behandlingsansvarlig for de personopplysninger som behandles p\u00e5 denne siden. Denne personvernerkl\u00e6ringen forklarer hvorfor vi samler inn informasjon om deg, hvordan vi bruker denne informasjonen og hvordan vi tar hensyn til ditt personvern. Erkl\u00e6ringen inneholder opplysninger du har krav p\u00e5 n\u00e5r det samles [&hellip;]\" \/>\n<meta property=\"og:url\" content=\"https:\/\/www.bluesystems.no\/en\/personvernerklaering\/\" \/>\n<meta property=\"og:site_name\" content=\"bluesystems - vi gj\u00f8r havbruk enklere\" \/>\n<meta property=\"article:modified_time\" content=\"2021-11-08T23:34:55+00:00\" \/>\n<meta name=\"twitter:card\" content=\"summary_large_image\" \/>\n<meta name=\"twitter:label1\" content=\"Est. reading time\" \/>\n\t<meta name=\"twitter:data1\" content=\"6 minutes\" \/>\n<script type=\"application\/ld+json\" class=\"yoast-schema-graph\">{\"@context\":\"https:\/\/schema.org\",\"@graph\":[{\"@type\":\"WebPage\",\"@id\":\"https:\/\/www.bluesystems.no\/personvernerklaering\/\",\"url\":\"https:\/\/www.bluesystems.no\/personvernerklaering\/\",\"name\":\"Personvernerkl\u00e6ring - bluesystems - vi gj\u00f8r havbruk enklere\",\"isPartOf\":{\"@id\":\"https:\/\/www.bluesystems.no\/#website\"},\"datePublished\":\"2020-05-14T14:29:48+00:00\",\"dateModified\":\"2021-11-08T23:34:55+00:00\",\"breadcrumb\":{\"@id\":\"https:\/\/www.bluesystems.no\/personvernerklaering\/#breadcrumb\"},\"inLanguage\":\"en-US\",\"potentialAction\":[{\"@type\":\"ReadAction\",\"target\":[\"https:\/\/www.bluesystems.no\/personvernerklaering\/\"]}]},{\"@type\":\"BreadcrumbList\",\"@id\":\"https:\/\/www.bluesystems.no\/personvernerklaering\/#breadcrumb\",\"itemListElement\":[{\"@type\":\"ListItem\",\"position\":1,\"name\":\"Home\",\"item\":\"https:\/\/www.bluesystems.no\/\"},{\"@type\":\"ListItem\",\"position\":2,\"name\":\"Personvernerkl\u00e6ring\"}]},{\"@type\":\"WebSite\",\"@id\":\"https:\/\/www.bluesystems.no\/#website\",\"url\":\"https:\/\/www.bluesystems.no\/\",\"name\":\"bluesystems - vi gj\u00f8r havbruk enklere\",\"description\":\"Stabile l\u00f8sninger med lav brukerterskel\",\"publisher\":{\"@id\":\"https:\/\/www.bluesystems.no\/#organization\"},\"potentialAction\":[{\"@type\":\"SearchAction\",\"target\":{\"@type\":\"EntryPoint\",\"urlTemplate\":\"https:\/\/www.bluesystems.no\/?s={search_term_string}\"},\"query-input\":{\"@type\":\"PropertyValueSpecification\",\"valueRequired\":true,\"valueName\":\"search_term_string\"}}],\"inLanguage\":\"en-US\"},{\"@type\":\"Organization\",\"@id\":\"https:\/\/www.bluesystems.no\/#organization\",\"name\":\"bluesystems - vi gj\u00f8r havbruk enklere\",\"url\":\"https:\/\/www.bluesystems.no\/\",\"logo\":{\"@type\":\"ImageObject\",\"inLanguage\":\"en-US\",\"@id\":\"https:\/\/www.bluesystems.no\/#\/schema\/logo\/image\/\",\"url\":\"https:\/\/www.bluesystems.no\/wp-content\/uploads\/2019\/11\/Bluesystems-logo-02.svg\",\"contentUrl\":\"https:\/\/www.bluesystems.no\/wp-content\/uploads\/2019\/11\/Bluesystems-logo-02.svg\",\"caption\":\"bluesystems - vi gj\u00f8r havbruk enklere\"},\"image\":{\"@id\":\"https:\/\/www.bluesystems.no\/#\/schema\/logo\/image\/\"}}]}<\/script>\n<!-- \/ Yoast SEO plugin. -->","yoast_head_json":{"title":"Personvernerkl\u00e6ring - bluesystems - vi gj\u00f8r havbruk enklere","robots":{"index":"index","follow":"follow","max-snippet":"max-snippet:-1","max-image-preview":"max-image-preview:large","max-video-preview":"max-video-preview:-1"},"canonical":"https:\/\/www.bluesystems.no\/en\/personvernerklaering\/","og_locale":"en_US","og_type":"article","og_title":"Personvernerkl\u00e6ring - bluesystems - vi gj\u00f8r havbruk enklere","og_description":"Personvernerkl\u00e6ring for Bluesystems AS 1. Innledning Eier av dette domenet, Bluesystems AS, er behandlingsansvarlig for de personopplysninger som behandles p\u00e5 denne siden. Denne personvernerkl\u00e6ringen forklarer hvorfor vi samler inn informasjon om deg, hvordan vi bruker denne informasjonen og hvordan vi tar hensyn til ditt personvern. Erkl\u00e6ringen inneholder opplysninger du har krav p\u00e5 n\u00e5r det samles [&hellip;]","og_url":"https:\/\/www.bluesystems.no\/en\/personvernerklaering\/","og_site_name":"bluesystems - vi gj\u00f8r havbruk enklere","article_modified_time":"2021-11-08T23:34:55+00:00","twitter_card":"summary_large_image","twitter_misc":{"Est. reading time":"6 minutes"},"schema":{"@context":"https:\/\/schema.org","@graph":[{"@type":"WebPage","@id":"https:\/\/www.bluesystems.no\/personvernerklaering\/","url":"https:\/\/www.bluesystems.no\/personvernerklaering\/","name":"Personvernerkl\u00e6ring - bluesystems - vi gj\u00f8r havbruk enklere","isPartOf":{"@id":"https:\/\/www.bluesystems.no\/#website"},"datePublished":"2020-05-14T14:29:48+00:00","dateModified":"2021-11-08T23:34:55+00:00","breadcrumb":{"@id":"https:\/\/www.bluesystems.no\/personvernerklaering\/#breadcrumb"},"inLanguage":"en-US","potentialAction":[{"@type":"ReadAction","target":["https:\/\/www.bluesystems.no\/personvernerklaering\/"]}]},{"@type":"BreadcrumbList","@id":"https:\/\/www.bluesystems.no\/personvernerklaering\/#breadcrumb","itemListElement":[{"@type":"ListItem","position":1,"name":"Home","item":"https:\/\/www.bluesystems.no\/"},{"@type":"ListItem","position":2,"name":"Personvernerkl\u00e6ring"}]},{"@type":"WebSite","@id":"https:\/\/www.bluesystems.no\/#website","url":"https:\/\/www.bluesystems.no\/","name":"bluesystems - vi gj\u00f8r havbruk enklere","description":"Stabile l\u00f8sninger med lav brukerterskel","publisher":{"@id":"https:\/\/www.bluesystems.no\/#organization"},"potentialAction":[{"@type":"SearchAction","target":{"@type":"EntryPoint","urlTemplate":"https:\/\/www.bluesystems.no\/?s={search_term_string}"},"query-input":{"@type":"PropertyValueSpecification","valueRequired":true,"valueName":"search_term_string"}}],"inLanguage":"en-US"},{"@type":"Organization","@id":"https:\/\/www.bluesystems.no\/#organization","name":"bluesystems - vi gj\u00f8r havbruk enklere","url":"https:\/\/www.bluesystems.no\/","logo":{"@type":"ImageObject","inLanguage":"en-US","@id":"https:\/\/www.bluesystems.no\/#\/schema\/logo\/image\/","url":"https:\/\/www.bluesystems.no\/wp-content\/uploads\/2019\/11\/Bluesystems-logo-02.svg","contentUrl":"https:\/\/www.bluesystems.no\/wp-content\/uploads\/2019\/11\/Bluesystems-logo-02.svg","caption":"bluesystems - vi gj\u00f8r havbruk enklere"},"image":{"@id":"https:\/\/www.bluesystems.no\/#\/schema\/logo\/image\/"}}]}},"_links":{"self":[{"href":"https:\/\/www.bluesystems.no\/en\/wp-json\/wp\/v2\/pages\/331","targetHints":{"allow":["GET"]}}],"collection":[{"href":"https:\/\/www.bluesystems.no\/en\/wp-json\/wp\/v2\/pages"}],"about":[{"href":"https:\/\/www.bluesystems.no\/en\/wp-json\/wp\/v2\/types\/page"}],"author":[{"embeddable":true,"href":"https:\/\/www.bluesystems.no\/en\/wp-json\/wp\/v2\/users\/4"}],"replies":[{"embeddable":true,"href":"https:\/\/www.bluesystems.no\/en\/wp-json\/wp\/v2\/comments?post=331"}],"version-history":[{"count":9,"href":"https:\/\/www.bluesystems.no\/en\/wp-json\/wp\/v2\/pages\/331\/revisions"}],"predecessor-version":[{"id":412,"href":"https:\/\/www.bluesystems.no\/en\/wp-json\/wp\/v2\/pages\/331\/revisions\/412"}],"wp:attachment":[{"href":"https:\/\/www.bluesystems.no\/en\/wp-json\/wp\/v2\/media?parent=331"}],"wp:term":[{"taxonomy":"product","embeddable":true,"href":"https:\/\/www.bluesystems.no\/en\/wp-json\/wp\/v2\/product?post=331"}],"curies":[{"name":"wp","href":"https:\/\/api.w.org\/{rel}","templated":true}]}}